{"id":34,"date":"2024-01-02T17:17:34","date_gmt":"2024-01-02T16:17:34","guid":{"rendered":"https:\/\/puntosdecobro.cingulado.org\/index.php\/our-story\/"},"modified":"2025-06-07T00:48:54","modified_gmt":"2025-06-06T22:48:54","slug":"our-story","status":"publish","type":"page","link":"https:\/\/puntosdecobro.cingulado.org\/index.php\/our-story\/","title":{"rendered":"Planes"},"content":{"rendered":"\t\t<div data-elementor-type=\"wp-page\" data-elementor-id=\"34\" class=\"elementor elementor-34\" data-elementor-post-type=\"page\">\n\t\t\t\t<div class=\"elementor-element elementor-element-47a8853c e-con-full e-flex e-con e-parent\" data-id=\"47a8853c\" data-element_type=\"container\">\n\t\t<div class=\"elementor-element elementor-element-17565af1 e-con-full e-flex e-con e-child\" data-id=\"17565af1\" data-element_type=\"container\" data-settings=\"{&quot;background_background&quot;:&quot;classic&quot;}\">\n\t\t\t\t<div class=\"elementor-element elementor-element-9fc96c7 elementor-widget elementor-widget-image\" data-id=\"9fc96c7\" data-element_type=\"widget\" data-widget_type=\"image.default\">\n\t\t\t\t<div class=\"elementor-widget-container\">\n\t\t\t<style>\/*! elementor - v3.21.0 - 20-05-2024 *\/\n.elementor-widget-image{text-align:center}.elementor-widget-image a{display:inline-block}.elementor-widget-image a img[src$=\".svg\"]{width:48px}.elementor-widget-image img{vertical-align:middle;display:inline-block}<\/style>\t\t\t\t\t\t\t\t\t\t<img fetchpriority=\"high\" decoding=\"async\" width=\"800\" height=\"800\" src=\"https:\/\/puntosdecobro.cingulado.org\/wp-content\/uploads\/2025\/01\/DALL\u00b7E-2025-01-03-12.15.01-A-modern-retail-checkout-scene-highlighting-a-smiling-cashier-using-a-sleek-touch-screen-point-of-sale-system.-The-screen-shows-a-clear-and-simple-rec.webp\" class=\"attachment-large size-large wp-image-250\" alt=\"\" srcset=\"https:\/\/puntosdecobro.cingulado.org\/wp-content\/uploads\/2025\/01\/DALL\u00b7E-2025-01-03-12.15.01-A-modern-retail-checkout-scene-highlighting-a-smiling-cashier-using-a-sleek-touch-screen-point-of-sale-system.-The-screen-shows-a-clear-and-simple-rec.webp 1024w, https:\/\/puntosdecobro.cingulado.org\/wp-content\/uploads\/2025\/01\/DALL\u00b7E-2025-01-03-12.15.01-A-modern-retail-checkout-scene-highlighting-a-smiling-cashier-using-a-sleek-touch-screen-point-of-sale-system.-The-screen-shows-a-clear-and-simple-rec-300x300.webp 300w, https:\/\/puntosdecobro.cingulado.org\/wp-content\/uploads\/2025\/01\/DALL\u00b7E-2025-01-03-12.15.01-A-modern-retail-checkout-scene-highlighting-a-smiling-cashier-using-a-sleek-touch-screen-point-of-sale-system.-The-screen-shows-a-clear-and-simple-rec-150x150.webp 150w, https:\/\/puntosdecobro.cingulado.org\/wp-content\/uploads\/2025\/01\/DALL\u00b7E-2025-01-03-12.15.01-A-modern-retail-checkout-scene-highlighting-a-smiling-cashier-using-a-sleek-touch-screen-point-of-sale-system.-The-screen-shows-a-clear-and-simple-rec-768x768.webp 768w\" sizes=\"(max-width: 800px) 100vw, 800px\" \/>\t\t\t\t\t\t\t\t\t\t\t\t\t<\/div>\n\t\t\t\t<\/div>\n\t\t\t\t<\/div>\n\t\t<div class=\"elementor-element elementor-element-8734fb e-con-full e-flex e-con e-child\" data-id=\"8734fb\" data-element_type=\"container\">\n\t\t\t\t<div class=\"elementor-element elementor-element-12836e92 elementor-widget elementor-widget-heading\" data-id=\"12836e92\" data-element_type=\"widget\" data-widget_type=\"heading.default\">\n\t\t\t\t<div class=\"elementor-widget-container\">\n\t\t\t<style>\/*! elementor - v3.21.0 - 20-05-2024 *\/\n.elementor-heading-title{padding:0;margin:0;line-height:1}.elementor-widget-heading .elementor-heading-title[class*=elementor-size-]>a{color:inherit;font-size:inherit;line-height:inherit}.elementor-widget-heading .elementor-heading-title.elementor-size-small{font-size:15px}.elementor-widget-heading .elementor-heading-title.elementor-size-medium{font-size:19px}.elementor-widget-heading .elementor-heading-title.elementor-size-large{font-size:29px}.elementor-widget-heading .elementor-heading-title.elementor-size-xl{font-size:39px}.elementor-widget-heading .elementor-heading-title.elementor-size-xxl{font-size:59px}<\/style><h6 class=\"elementor-heading-title elementor-size-default\">Plan bronce<\/h6>\t\t<\/div>\n\t\t\t\t<\/div>\n\t\t\t\t<div class=\"elementor-element elementor-element-662ba29b elementor-invisible elementor-widget elementor-widget-text-editor\" data-id=\"662ba29b\" data-element_type=\"widget\" data-settings=\"{&quot;_animation&quot;:&quot;fadeIn&quot;,&quot;_animation_delay&quot;:400}\" data-widget_type=\"text-editor.default\">\n\t\t\t\t<div class=\"elementor-widget-container\">\n\t\t\t<style>\/*! elementor - v3.21.0 - 20-05-2024 *\/\n.elementor-widget-text-editor.elementor-drop-cap-view-stacked .elementor-drop-cap{background-color:#69727d;color:#fff}.elementor-widget-text-editor.elementor-drop-cap-view-framed .elementor-drop-cap{color:#69727d;border:3px solid;background-color:transparent}.elementor-widget-text-editor:not(.elementor-drop-cap-view-default) .elementor-drop-cap{margin-top:8px}.elementor-widget-text-editor:not(.elementor-drop-cap-view-default) .elementor-drop-cap-letter{width:1em;height:1em}.elementor-widget-text-editor .elementor-drop-cap{float:left;text-align:center;line-height:1;font-size:50px}.elementor-widget-text-editor .elementor-drop-cap-letter{display:inline-block}<\/style>\t\t\t\t<p data-start=\"208\" data-end=\"257\"><strong data-start=\"208\" data-end=\"257\">Ideal para emprendedores o negocios peque\u00f1os.<\/strong><\/p><ul data-start=\"259\" data-end=\"413\"><li data-start=\"259\" data-end=\"289\"><p data-start=\"261\" data-end=\"289\">Gesti\u00f3n de cobros manuales<\/p><\/li><li data-start=\"290\" data-end=\"321\"><p data-start=\"292\" data-end=\"321\">Emisi\u00f3n de facturas simples<\/p><\/li><li data-start=\"322\" data-end=\"353\"><p data-start=\"324\" data-end=\"353\">Acceso desde un dispositivo<\/p><\/li><li data-start=\"354\" data-end=\"375\"><p data-start=\"356\" data-end=\"375\">Soporte por email<\/p><\/li><li data-start=\"376\" data-end=\"413\"><p data-start=\"378\" data-end=\"413\">Hasta 100 transacciones mensuales<\/p><\/li><\/ul>\t\t\t\t\t\t<\/div>\n\t\t\t\t<\/div>\n\t\t\t\t<\/div>\n\t\t\t\t<\/div>\n\t\t<div class=\"elementor-element elementor-element-243b162b e-con-full e-flex e-con e-parent\" data-id=\"243b162b\" data-element_type=\"container\">\n\t\t<div class=\"elementor-element elementor-element-46fd6c19 e-con-full e-flex e-con e-child\" data-id=\"46fd6c19\" data-element_type=\"container\">\n\t\t\t\t<div class=\"elementor-element elementor-element-2141982 elementor-widget elementor-widget-heading\" data-id=\"2141982\" data-element_type=\"widget\" data-widget_type=\"heading.default\">\n\t\t\t\t<div class=\"elementor-widget-container\">\n\t\t\t<h6 class=\"elementor-heading-title elementor-size-default\">Plan plata<\/h6>\t\t<\/div>\n\t\t\t\t<\/div>\n\t\t\t\t<div class=\"elementor-element elementor-element-14575f6a elementor-widget__width-initial elementor-widget-mobile__width-inherit elementor-widget elementor-widget-text-editor\" data-id=\"14575f6a\" data-element_type=\"widget\" data-widget_type=\"text-editor.default\">\n\t\t\t\t<div class=\"elementor-widget-container\">\n\t\t\t\t\t\t\t<p data-start=\"491\" data-end=\"548\"><strong data-start=\"491\" data-end=\"548\">Perfecto para pymes que necesitan m\u00e1s automatizaci\u00f3n.<\/strong><\/p><ul data-start=\"550\" data-end=\"771\"><li data-start=\"550\" data-end=\"577\"><p data-start=\"552\" data-end=\"577\">Todo lo del plan Bronce<\/p><\/li><li data-start=\"578\" data-end=\"626\"><p data-start=\"580\" data-end=\"626\">Cobros autom\u00e1ticos y recordatorios por email<\/p><\/li><li data-start=\"627\" data-end=\"664\"><p data-start=\"629\" data-end=\"664\">Facturaci\u00f3n electr\u00f3nica integrada<\/p><\/li><li data-start=\"665\" data-end=\"693\"><p data-start=\"667\" data-end=\"693\">Soporte por email y chat<\/p><\/li><li data-start=\"694\" data-end=\"733\"><p data-start=\"696\" data-end=\"733\">Hasta 1.000 transacciones mensuales<\/p><\/li><li data-start=\"734\" data-end=\"771\"><p data-start=\"736\" data-end=\"771\">Integraci\u00f3n con pasarelas de pago<\/p><\/li><\/ul>\t\t\t\t\t\t<\/div>\n\t\t\t\t<\/div>\n\t\t\t\t<\/div>\n\t\t<div class=\"elementor-element elementor-element-e1c9ce9 e-con-full e-flex e-con e-child\" data-id=\"e1c9ce9\" data-element_type=\"container\" data-settings=\"{&quot;background_background&quot;:&quot;classic&quot;}\">\n\t\t\t\t<div class=\"elementor-element elementor-element-56eb71d6 elementor-widget elementor-widget-image\" data-id=\"56eb71d6\" data-element_type=\"widget\" data-widget_type=\"image.default\">\n\t\t\t\t<div class=\"elementor-widget-container\">\n\t\t\t\t\t\t\t\t\t\t\t\t\t<img decoding=\"async\" width=\"1024\" height=\"1024\" src=\"https:\/\/puntosdecobro.cingulado.org\/wp-content\/uploads\/2025\/01\/DALL\u00b7E-2025-01-03-12.18.12-A-modern-retail-stockroom-scene-showing-shelves-filled-with-neatly-organized-food-products-like-cereal-boxes-canned-goods-and-snacks.-A-business-own.webp\" class=\"attachment-full size-full wp-image-251\" alt=\"\" srcset=\"https:\/\/puntosdecobro.cingulado.org\/wp-content\/uploads\/2025\/01\/DALL\u00b7E-2025-01-03-12.18.12-A-modern-retail-stockroom-scene-showing-shelves-filled-with-neatly-organized-food-products-like-cereal-boxes-canned-goods-and-snacks.-A-business-own.webp 1024w, https:\/\/puntosdecobro.cingulado.org\/wp-content\/uploads\/2025\/01\/DALL\u00b7E-2025-01-03-12.18.12-A-modern-retail-stockroom-scene-showing-shelves-filled-with-neatly-organized-food-products-like-cereal-boxes-canned-goods-and-snacks.-A-business-own-300x300.webp 300w, https:\/\/puntosdecobro.cingulado.org\/wp-content\/uploads\/2025\/01\/DALL\u00b7E-2025-01-03-12.18.12-A-modern-retail-stockroom-scene-showing-shelves-filled-with-neatly-organized-food-products-like-cereal-boxes-canned-goods-and-snacks.-A-business-own-150x150.webp 150w, https:\/\/puntosdecobro.cingulado.org\/wp-content\/uploads\/2025\/01\/DALL\u00b7E-2025-01-03-12.18.12-A-modern-retail-stockroom-scene-showing-shelves-filled-with-neatly-organized-food-products-like-cereal-boxes-canned-goods-and-snacks.-A-business-own-768x768.webp 768w\" sizes=\"(max-width: 1024px) 100vw, 1024px\" \/>\t\t\t\t\t\t\t\t\t\t\t\t\t<\/div>\n\t\t\t\t<\/div>\n\t\t\t\t<\/div>\n\t\t\t\t<\/div>\n\t\t<div class=\"elementor-element elementor-element-ae4d965 e-flex e-con-boxed e-con e-parent\" data-id=\"ae4d965\" data-element_type=\"container\">\n\t\t\t\t\t<div class=\"e-con-inner\">\n\t\t<div class=\"elementor-element elementor-element-c952b13 e-con-full e-flex e-con e-child\" data-id=\"c952b13\" data-element_type=\"container\">\n\t\t\t\t<div class=\"elementor-element elementor-element-86a9b93 elementor-widget elementor-widget-image\" data-id=\"86a9b93\" data-element_type=\"widget\" data-widget_type=\"image.default\">\n\t\t\t\t<div class=\"elementor-widget-container\">\n\t\t\t\t\t\t\t\t\t\t\t\t\t<img decoding=\"async\" width=\"800\" height=\"800\" src=\"https:\/\/puntosdecobro.cingulado.org\/wp-content\/uploads\/2024\/01\/Sin-titulo-2024-01-02T211640.770-1024x1024.jpeg\" class=\"attachment-large size-large wp-image-112\" alt=\"\" srcset=\"https:\/\/puntosdecobro.cingulado.org\/wp-content\/uploads\/2024\/01\/Sin-titulo-2024-01-02T211640.770-1024x1024.jpeg 1024w, https:\/\/puntosdecobro.cingulado.org\/wp-content\/uploads\/2024\/01\/Sin-titulo-2024-01-02T211640.770-300x300.jpeg 300w, https:\/\/puntosdecobro.cingulado.org\/wp-content\/uploads\/2024\/01\/Sin-titulo-2024-01-02T211640.770-150x150.jpeg 150w, https:\/\/puntosdecobro.cingulado.org\/wp-content\/uploads\/2024\/01\/Sin-titulo-2024-01-02T211640.770-768x768.jpeg 768w, https:\/\/puntosdecobro.cingulado.org\/wp-content\/uploads\/2024\/01\/Sin-titulo-2024-01-02T211640.770.jpeg 1080w\" sizes=\"(max-width: 800px) 100vw, 800px\" \/>\t\t\t\t\t\t\t\t\t\t\t\t\t<\/div>\n\t\t\t\t<\/div>\n\t\t\t\t<\/div>\n\t\t<div class=\"elementor-element elementor-element-fff6ad3 e-con-full e-flex e-con e-child\" data-id=\"fff6ad3\" data-element_type=\"container\">\n\t\t<div class=\"elementor-element elementor-element-126e88a e-con-full e-flex e-con e-child\" data-id=\"126e88a\" data-element_type=\"container\">\n\t\t\t\t<div class=\"elementor-element elementor-element-a844440 elementor-widget elementor-widget-heading\" data-id=\"a844440\" data-element_type=\"widget\" data-widget_type=\"heading.default\">\n\t\t\t\t<div class=\"elementor-widget-container\">\n\t\t\t<h6 class=\"elementor-heading-title elementor-size-default\">Plan oro<\/h6>\t\t<\/div>\n\t\t\t\t<\/div>\n\t\t\t\t<div class=\"elementor-element elementor-element-d8f9e2c elementor-invisible elementor-widget elementor-widget-text-editor\" data-id=\"d8f9e2c\" data-element_type=\"widget\" data-settings=\"{&quot;_animation&quot;:&quot;fadeIn&quot;,&quot;_animation_delay&quot;:400}\" data-widget_type=\"text-editor.default\">\n\t\t\t\t<div class=\"elementor-widget-container\">\n\t\t\t\t\t\t\t<p data-start=\"848\" data-end=\"906\"><strong data-start=\"848\" data-end=\"906\">&nbsp; Pensado para empresas con gran volumen de operaciones.<\/strong><\/p>\n<ul data-start=\"908\" data-end=\"1203\">\n<li data-start=\"908\" data-end=\"934\">\n<p data-start=\"910\" data-end=\"934\">Todo lo del plan Plata<\/p>\n<\/li>\n<li data-start=\"935\" data-end=\"963\">\n<p data-start=\"937\" data-end=\"963\">Transacciones ilimitadas<\/p>\n<\/li>\n<li data-start=\"964\" data-end=\"1012\">\n<p data-start=\"966\" data-end=\"1012\">Acceso multiusuario con roles personalizados<\/p>\n<\/li>\n<li data-start=\"1013\" data-end=\"1066\">\n<p data-start=\"1015\" data-end=\"1066\">Integraci\u00f3n con sistemas externos (API, CRM, ERP)<\/p>\n<\/li>\n<li data-start=\"1067\" data-end=\"1107\">\n<p data-start=\"1069\" data-end=\"1107\">Reportes avanzados y panel anal\u00edtico<\/p>\n<\/li>\n<li data-start=\"1108\" data-end=\"1161\">\n<p data-start=\"1110\" data-end=\"1161\">Soporte prioritario 24\/7 (email, chat y tel\u00e9fono)<\/p>\n<\/li>\n<li data-start=\"1162\" data-end=\"1203\">\n<p data-start=\"1164\" data-end=\"1203\">Marca blanca (branding personalizado)<\/p>\n<\/li>\n<\/ul>\t\t\t\t\t\t<\/div>\n\t\t\t\t<\/div>\n\t\t\t\t<\/div>\n\t\t\t\t<\/div>\n\t\t\t\t\t<\/div>\n\t\t\t\t<\/div>\n\t\t<div class=\"elementor-element elementor-element-a603de9 e-flex e-con-boxed e-con e-parent\" data-id=\"a603de9\" data-element_type=\"container\">\n\t\t\t\t\t<div class=\"e-con-inner\">\n\t\t\t\t<div class=\"elementor-element elementor-element-dab814d elementor-widget elementor-widget-heading\" data-id=\"dab814d\" data-element_type=\"widget\" data-widget_type=\"heading.default\">\n\t\t\t\t<div class=\"elementor-widget-container\">\n\t\t\t<h2 class=\"elementor-heading-title elementor-size-default\">consulta los precios de los planes aca<\/h2>\t\t<\/div>\n\t\t\t\t<\/div>\n\t\t\t\t<div class=\"elementor-element elementor-element-7d19667 elementor-align-center elementor-widget elementor-widget-button\" data-id=\"7d19667\" data-element_type=\"widget\" data-widget_type=\"button.default\">\n\t\t\t\t<div class=\"elementor-widget-container\">\n\t\t\t\t\t<div class=\"elementor-button-wrapper\">\n\t\t\t<a class=\"elementor-button elementor-button-link elementor-size-sm\" href=\"https:\/\/wa.me\/542645620398?text=Hola!%20quiero%20saber%20m\u00e1s%20sobre%20punto%20de%20cobro\">\n\t\t\t\t\t\t<span class=\"elementor-button-content-wrapper\">\n\t\t\t\t\t\t\t\t\t<span class=\"elementor-button-text\">consulta<\/span>\n\t\t\t\t\t<\/span>\n\t\t\t\t\t<\/a>\n\t\t<\/div>\n\t\t\t\t<\/div>\n\t\t\t\t<\/div>\n\t\t\t\t\t<\/div>\n\t\t\t\t<\/div>\n\t\t<div class=\"elementor-element elementor-element-a49dc48 e-flex e-con-boxed e-con e-parent\" data-id=\"a49dc48\" data-element_type=\"container\">\n\t\t\t\t\t<div class=\"e-con-inner\">\n\t\t<div class=\"elementor-element elementor-element-6a63b63 e-flex e-con-boxed e-con e-child\" data-id=\"6a63b63\" data-element_type=\"container\">\n\t\t\t\t\t<div class=\"e-con-inner\">\n\t\t\t\t<div class=\"elementor-element elementor-element-49e0143 elementor-widget-divider--view-line elementor-widget elementor-widget-divider\" data-id=\"49e0143\" data-element_type=\"widget\" data-widget_type=\"divider.default\">\n\t\t\t\t<div class=\"elementor-widget-container\">\n\t\t\t<style>\/*! elementor - v3.21.0 - 20-05-2024 *\/\n.elementor-widget-divider{--divider-border-style:none;--divider-border-width:1px;--divider-color:#0c0d0e;--divider-icon-size:20px;--divider-element-spacing:10px;--divider-pattern-height:24px;--divider-pattern-size:20px;--divider-pattern-url:none;--divider-pattern-repeat:repeat-x}.elementor-widget-divider .elementor-divider{display:flex}.elementor-widget-divider .elementor-divider__text{font-size:15px;line-height:1;max-width:95%}.elementor-widget-divider .elementor-divider__element{margin:0 var(--divider-element-spacing);flex-shrink:0}.elementor-widget-divider .elementor-icon{font-size:var(--divider-icon-size)}.elementor-widget-divider .elementor-divider-separator{display:flex;margin:0;direction:ltr}.elementor-widget-divider--view-line_icon .elementor-divider-separator,.elementor-widget-divider--view-line_text .elementor-divider-separator{align-items:center}.elementor-widget-divider--view-line_icon .elementor-divider-separator:after,.elementor-widget-divider--view-line_icon .elementor-divider-separator:before,.elementor-widget-divider--view-line_text .elementor-divider-separator:after,.elementor-widget-divider--view-line_text .elementor-divider-separator:before{display:block;content:\"\";border-block-end:0;flex-grow:1;border-block-start:var(--divider-border-width) var(--divider-border-style) var(--divider-color)}.elementor-widget-divider--element-align-left .elementor-divider .elementor-divider-separator>.elementor-divider__svg:first-of-type{flex-grow:0;flex-shrink:100}.elementor-widget-divider--element-align-left .elementor-divider-separator:before{content:none}.elementor-widget-divider--element-align-left .elementor-divider__element{margin-left:0}.elementor-widget-divider--element-align-right .elementor-divider .elementor-divider-separator>.elementor-divider__svg:last-of-type{flex-grow:0;flex-shrink:100}.elementor-widget-divider--element-align-right .elementor-divider-separator:after{content:none}.elementor-widget-divider--element-align-right .elementor-divider__element{margin-right:0}.elementor-widget-divider--element-align-start .elementor-divider .elementor-divider-separator>.elementor-divider__svg:first-of-type{flex-grow:0;flex-shrink:100}.elementor-widget-divider--element-align-start .elementor-divider-separator:before{content:none}.elementor-widget-divider--element-align-start .elementor-divider__element{margin-inline-start:0}.elementor-widget-divider--element-align-end .elementor-divider .elementor-divider-separator>.elementor-divider__svg:last-of-type{flex-grow:0;flex-shrink:100}.elementor-widget-divider--element-align-end .elementor-divider-separator:after{content:none}.elementor-widget-divider--element-align-end .elementor-divider__element{margin-inline-end:0}.elementor-widget-divider:not(.elementor-widget-divider--view-line_text):not(.elementor-widget-divider--view-line_icon) .elementor-divider-separator{border-block-start:var(--divider-border-width) var(--divider-border-style) var(--divider-color)}.elementor-widget-divider--separator-type-pattern{--divider-border-style:none}.elementor-widget-divider--separator-type-pattern.elementor-widget-divider--view-line .elementor-divider-separator,.elementor-widget-divider--separator-type-pattern:not(.elementor-widget-divider--view-line) .elementor-divider-separator:after,.elementor-widget-divider--separator-type-pattern:not(.elementor-widget-divider--view-line) .elementor-divider-separator:before,.elementor-widget-divider--separator-type-pattern:not([class*=elementor-widget-divider--view]) .elementor-divider-separator{width:100%;min-height:var(--divider-pattern-height);-webkit-mask-size:var(--divider-pattern-size) 100%;mask-size:var(--divider-pattern-size) 100%;-webkit-mask-repeat:var(--divider-pattern-repeat);mask-repeat:var(--divider-pattern-repeat);background-color:var(--divider-color);-webkit-mask-image:var(--divider-pattern-url);mask-image:var(--divider-pattern-url)}.elementor-widget-divider--no-spacing{--divider-pattern-size:auto}.elementor-widget-divider--bg-round{--divider-pattern-repeat:round}.rtl .elementor-widget-divider .elementor-divider__text{direction:rtl}.e-con-inner>.elementor-widget-divider,.e-con>.elementor-widget-divider{width:var(--container-widget-width,100%);--flex-grow:var(--container-widget-flex-grow)}<\/style>\t\t<div class=\"elementor-divider\">\n\t\t\t<span class=\"elementor-divider-separator\">\n\t\t\t\t\t\t<\/span>\n\t\t<\/div>\n\t\t\t\t<\/div>\n\t\t\t\t<\/div>\n\t\t\t\t\t<\/div>\n\t\t\t\t<\/div>\n\t\t\t\t\t<\/div>\n\t\t\t\t<\/div>\n\t\t\t\t<\/div>\n\t\t","protected":false},"excerpt":{"rendered":"<p>Plan bronce Ideal para emprendedores o negocios peque\u00f1os. Gesti\u00f3n de cobros manuales Emisi\u00f3n de facturas simples Acceso desde un dispositivo Soporte por email Hasta 100 transacciones mensuales Plan plata Perfecto para pymes que necesitan m\u00e1s automatizaci\u00f3n. Todo lo del plan Bronce Cobros autom\u00e1ticos y recordatorios por email Facturaci\u00f3n electr\u00f3nica integrada Soporte por email y chat [&hellip;]<\/p>\n","protected":false},"author":2,"featured_media":0,"parent":0,"menu_order":0,"comment_status":"closed","ping_status":"closed","template":"elementor_header_footer","meta":{"footnotes":""},"_links":{"self":[{"href":"https:\/\/puntosdecobro.cingulado.org\/index.php\/wp-json\/wp\/v2\/pages\/34"}],"collection":[{"href":"https:\/\/puntosdecobro.cingulado.org\/index.php\/wp-json\/wp\/v2\/pages"}],"about":[{"href":"https:\/\/puntosdecobro.cingulado.org\/index.php\/wp-json\/wp\/v2\/types\/page"}],"author":[{"embeddable":true,"href":"https:\/\/puntosdecobro.cingulado.org\/index.php\/wp-json\/wp\/v2\/users\/2"}],"replies":[{"embeddable":true,"href":"https:\/\/puntosdecobro.cingulado.org\/index.php\/wp-json\/wp\/v2\/comments?post=34"}],"version-history":[{"count":41,"href":"https:\/\/puntosdecobro.cingulado.org\/index.php\/wp-json\/wp\/v2\/pages\/34\/revisions"}],"predecessor-version":[{"id":379,"href":"https:\/\/puntosdecobro.cingulado.org\/index.php\/wp-json\/wp\/v2\/pages\/34\/revisions\/379"}],"wp:attachment":[{"href":"https:\/\/puntosdecobro.cingulado.org\/index.php\/wp-json\/wp\/v2\/media?parent=34"}],"curies":[{"name":"wp","href":"https:\/\/api.w.org\/{rel}","templated":true}]}}